{"id":787,"date":"2022-07-03T13:22:29","date_gmt":"2022-07-03T13:22:29","guid":{"rendered":"https:\/\/kefnezha.osmev.com\/?page_id=787"},"modified":"2022-07-05T17:47:15","modified_gmt":"2022-07-05T17:47:15","slug":"formations","status":"publish","type":"page","link":"https:\/\/kefnor.com\/fr\/formations\/","title":{"rendered":"Formations"},"content":{"rendered":"\t\t<div data-elementor-type=\"wp-page\" data-elementor-id=\"787\" class=\"elementor elementor-787\" data-elementor-post-type=\"page\">\n\t\t\t\t\t\t<section class=\"elementor-section elementor-top-section elementor-element elementor-element-b93a8ff elementor-section-boxed elementor-section-height-default elementor-section-height-default\" data-id=\"b93a8ff\" data-element_type=\"section\" data-settings=\"{&quot;background_background&quot;:&quot;classic&quot;}\">\n\t\t\t\t\t\t<div class=\"elementor-container elementor-column-gap-no\">\n\t\t\t\t\t<div class=\"elementor-column elementor-col-100 elementor-top-column elementor-element elementor-element-ac91469\" data-id=\"ac91469\" data-element_type=\"column\">\n\t\t\t<div class=\"elementor-widget-wrap elementor-element-populated\">\n\t\t\t\t\t\t<div class=\"elementor-element elementor-element-997e3e3 elementor-widget elementor-widget-html\" data-id=\"997e3e3\" data-element_type=\"widget\" data-widget_type=\"html.default\">\n\t\t\t\t<div class=\"elementor-widget-container\">\n\t\t\t\t\t<script src=\"https:\/\/kit.fontawesome.com\/89a7eab989.js\" crossorigin=\"anonymous\"><\/script>\t\t\t\t<\/div>\n\t\t\t\t<\/div>\n\t\t\t\t<section class=\"elementor-section elementor-inner-section elementor-element elementor-element-669282e elementor-section-boxed elementor-section-height-default elementor-section-height-default\" data-id=\"669282e\" data-element_type=\"section\">\n\t\t\t\t\t\t<div class=\"elementor-container elementor-column-gap-no\">\n\t\t\t\t\t<div class=\"elementor-column elementor-col-50 elementor-inner-column elementor-element elementor-element-78e46b6\" data-id=\"78e46b6\" data-element_type=\"column\">\n\t\t\t<div class=\"elementor-widget-wrap elementor-element-populated\">\n\t\t\t\t\t\t<div class=\"elementor-element elementor-element-9c51090 elementor-widget elementor-widget-heading\" data-id=\"9c51090\" data-element_type=\"widget\" data-widget_type=\"heading.default\">\n\t\t\t\t<div class=\"elementor-widget-container\">\n\t\t\t\t\t<h2 class=\"elementor-heading-title elementor-size-default\">Formations<\/h2>\t\t\t\t<\/div>\n\t\t\t\t<\/div>\n\t\t\t\t\t<\/div>\n\t\t<\/div>\n\t\t\t\t<div class=\"elementor-column elementor-col-50 elementor-inner-column elementor-element elementor-element-2b97939\" data-id=\"2b97939\" data-element_type=\"column\">\n\t\t\t<div class=\"elementor-widget-wrap elementor-element-populated\">\n\t\t\t\t\t\t<div class=\"elementor-element elementor-element-566503c elementor-widget-divider--view-line elementor-widget elementor-widget-divider\" data-id=\"566503c\" data-element_type=\"widget\" data-widget_type=\"divider.default\">\n\t\t\t\t<div class=\"elementor-widget-container\">\n\t\t\t\t\t\t\t<div class=\"elementor-divider\">\n\t\t\t<span class=\"elementor-divider-separator\">\n\t\t\t\t\t\t<\/span>\n\t\t<\/div>\n\t\t\t\t\t\t<\/div>\n\t\t\t\t<\/div>\n\t\t\t\t<div class=\"elementor-element elementor-element-b9fb638 elementor-invisible elementor-widget elementor-widget-text-editor\" data-id=\"b9fb638\" data-element_type=\"widget\" data-settings=\"{&quot;_animation&quot;:&quot;fadeInDown&quot;}\" data-widget_type=\"text-editor.default\">\n\t\t\t\t<div class=\"elementor-widget-container\">\n\t\t\t\t\t\t\t\t\t<p>D\u00e9couvrez nos diff\u00e9rentes formations Professionnels<\/p>\t\t\t\t\t\t\t\t<\/div>\n\t\t\t\t<\/div>\n\t\t\t\t<div class=\"elementor-element elementor-element-82a65ed elementor-invisible elementor-widget elementor-widget-heading\" data-id=\"82a65ed\" data-element_type=\"widget\" data-settings=\"{&quot;_animation&quot;:&quot;lightSpeedIn&quot;}\" data-widget_type=\"heading.default\">\n\t\t\t\t<div class=\"elementor-widget-container\">\n\t\t\t\t\t<h2 class=\"elementor-heading-title elementor-size-default\"><i style=\"color:#440386\" class=\"fas fa-smile\"><\/i> Quelque soit votre \u00e2ge<\/h2>\t\t\t\t<\/div>\n\t\t\t\t<\/div>\n\t\t\t\t<div class=\"elementor-element elementor-element-174e185 elementor-invisible elementor-widget elementor-widget-heading\" data-id=\"174e185\" data-element_type=\"widget\" data-settings=\"{&quot;_animation&quot;:&quot;lightSpeedIn&quot;,&quot;_animation_delay&quot;:500}\" data-widget_type=\"heading.default\">\n\t\t\t\t<div class=\"elementor-widget-container\">\n\t\t\t\t\t<h2 class=\"elementor-heading-title elementor-size-default\"><i style=\"color:#440386\" class=\"fas fa-smile\"><\/i> Quelque soit votre Niveau<\/h2>\t\t\t\t<\/div>\n\t\t\t\t<\/div>\n\t\t\t\t<div class=\"elementor-element elementor-element-a3d6e26 elementor-invisible elementor-widget elementor-widget-heading\" data-id=\"a3d6e26\" data-element_type=\"widget\" data-settings=\"{&quot;_animation&quot;:&quot;lightSpeedIn&quot;,&quot;_animation_delay&quot;:1000}\" data-widget_type=\"heading.default\">\n\t\t\t\t<div class=\"elementor-widget-container\">\n\t\t\t\t\t<h2 class=\"elementor-heading-title elementor-size-default\"><i style=\"color:#440386\" class=\"fas fa-smile\"><\/i> Quelque soit votre Profession<\/h2>\t\t\t\t<\/div>\n\t\t\t\t<\/div>\n\t\t\t\t\t<\/div>\n\t\t<\/div>\n\t\t\t\t\t<\/div>\n\t\t<\/section>\n\t\t\t\t<div class=\"elementor-element elementor-element-e826feb elementor-widget__width-initial elementor-widget-mobile__width-inherit elementor-position-top elementor-widget elementor-widget-image-box\" data-id=\"e826feb\" data-element_type=\"widget\" data-widget_type=\"image-box.default\">\n\t\t\t\t<div class=\"elementor-widget-container\">\n\t\t\t\t\t<div class=\"elementor-image-box-wrapper\"><figure class=\"elementor-image-box-img\"><img fetchpriority=\"high\" decoding=\"async\" width=\"1772\" height=\"1772\" src=\"https:\/\/kefnor.com\/wp-content\/uploads\/2022\/07\/kolegiya.webp\" class=\"attachment-full size-full wp-image-716\" alt=\"\" srcset=\"https:\/\/kefnor.com\/wp-content\/uploads\/2022\/07\/kolegiya.webp 1772w, https:\/\/kefnor.com\/wp-content\/uploads\/2022\/07\/kolegiya-300x300.webp 300w, https:\/\/kefnor.com\/wp-content\/uploads\/2022\/07\/kolegiya-1024x1024.webp 1024w, https:\/\/kefnor.com\/wp-content\/uploads\/2022\/07\/kolegiya-150x150.webp 150w, https:\/\/kefnor.com\/wp-content\/uploads\/2022\/07\/kolegiya-768x768.webp 768w, https:\/\/kefnor.com\/wp-content\/uploads\/2022\/07\/kolegiya-1536x1536.webp 1536w\" sizes=\"(max-width: 1772px) 100vw, 1772px\" \/><\/figure><div class=\"elementor-image-box-content\"><h4 class=\"elementor-image-box-title\">Formation Continue<\/h4><p class=\"elementor-image-box-description\"><i style=\"color:#440386;font-size:20px\" class=\"fas fa-star\"><\/i> Gestion Informatis\u00e9e.<br \/><i style=\"color:#440386;font-size:20px\" class=\"fas fa-star\"><\/i> Comptabilit\u00e9.<br \/><i style=\"color:#440386;font-size:20px\" class=\"fas fa-star\"><\/i> Secr\u00e9tariat.<br \/><i style=\"color:#440386;font-size:20px\" class=\"fas fa-star\"><\/i>  Commerce.<\/p><\/div><\/div>\t\t\t\t<\/div>\n\t\t\t\t<\/div>\n\t\t\t\t<div class=\"elementor-element elementor-element-b25953f elementor-widget__width-initial elementor-widget-mobile__width-inherit elementor-position-top elementor-widget elementor-widget-image-box\" data-id=\"b25953f\" data-element_type=\"widget\" data-widget_type=\"image-box.default\">\n\t\t\t\t<div class=\"elementor-widget-container\">\n\t\t\t\t\t<div class=\"elementor-image-box-wrapper\"><figure class=\"elementor-image-box-img\"><img decoding=\"async\" width=\"450\" height=\"450\" src=\"https:\/\/kefnor.com\/wp-content\/uploads\/2022\/07\/Ingegneria-450x450-1.jpg\" class=\"attachment-full size-full wp-image-735\" alt=\"\" srcset=\"https:\/\/kefnor.com\/wp-content\/uploads\/2022\/07\/Ingegneria-450x450-1.jpg 450w, https:\/\/kefnor.com\/wp-content\/uploads\/2022\/07\/Ingegneria-450x450-1-300x300.jpg 300w, https:\/\/kefnor.com\/wp-content\/uploads\/2022\/07\/Ingegneria-450x450-1-150x150.jpg 150w\" sizes=\"(max-width: 450px) 100vw, 450px\" \/><\/figure><div class=\"elementor-image-box-content\"><h4 class=\"elementor-image-box-title\">Dessin Industriel<\/h4><p class=\"elementor-image-box-description\"><i style=\"color:#440386;font-size:20px\" class=\"fas fa-star\"><\/i> D. A. O : Auto-cad (2D + 3D).<br \/><i style=\"color:#440386;font-size:20px\" class=\"fas fa-star\"><\/i> D. A. O : Solidworks + Catia.\n<\/p><\/div><\/div>\t\t\t\t<\/div>\n\t\t\t\t<\/div>\n\t\t\t\t<div class=\"elementor-element elementor-element-6016887 elementor-widget__width-initial elementor-widget-mobile__width-inherit elementor-position-top elementor-widget elementor-widget-image-box\" data-id=\"6016887\" data-element_type=\"widget\" data-widget_type=\"image-box.default\">\n\t\t\t\t<div class=\"elementor-widget-container\">\n\t\t\t\t\t<div class=\"elementor-image-box-wrapper\"><figure class=\"elementor-image-box-img\"><img decoding=\"async\" width=\"1118\" height=\"1118\" src=\"https:\/\/kefnor.com\/wp-content\/uploads\/2022\/07\/Fotolia_72527827_Subscription_Monthly_XXL-fill-1118x1118-min.jpg\" class=\"attachment-full size-full wp-image-725\" alt=\"\" srcset=\"https:\/\/kefnor.com\/wp-content\/uploads\/2022\/07\/Fotolia_72527827_Subscription_Monthly_XXL-fill-1118x1118-min.jpg 1118w, https:\/\/kefnor.com\/wp-content\/uploads\/2022\/07\/Fotolia_72527827_Subscription_Monthly_XXL-fill-1118x1118-min-300x300.jpg 300w, https:\/\/kefnor.com\/wp-content\/uploads\/2022\/07\/Fotolia_72527827_Subscription_Monthly_XXL-fill-1118x1118-min-1024x1024.jpg 1024w, https:\/\/kefnor.com\/wp-content\/uploads\/2022\/07\/Fotolia_72527827_Subscription_Monthly_XXL-fill-1118x1118-min-150x150.jpg 150w, https:\/\/kefnor.com\/wp-content\/uploads\/2022\/07\/Fotolia_72527827_Subscription_Monthly_XXL-fill-1118x1118-min-768x768.jpg 768w\" sizes=\"(max-width: 1118px) 100vw, 1118px\" \/><\/figure><div class=\"elementor-image-box-content\"><h4 class=\"elementor-image-box-title\">D\u00e9veloppement Web<\/h4><p class=\"elementor-image-box-description\"><i style=\"color:#440386;font-size:20px\" class=\"fas fa-star\"><\/i> HTML.<br \/><i style=\"color:#440386;font-size:20px\" class=\"fas fa-star\"><\/i> PHP.<br \/><i style=\"color:#440386;font-size:20px\" class=\"fas fa-star\"><\/i> ASP.<\/p><\/div><\/div>\t\t\t\t<\/div>\n\t\t\t\t<\/div>\n\t\t\t\t<div class=\"elementor-element elementor-element-665daf6 elementor-widget__width-initial elementor-widget-mobile__width-inherit elementor-position-top elementor-widget elementor-widget-image-box\" data-id=\"665daf6\" data-element_type=\"widget\" data-widget_type=\"image-box.default\">\n\t\t\t\t<div class=\"elementor-widget-container\">\n\t\t\t\t\t<div class=\"elementor-image-box-wrapper\"><figure class=\"elementor-image-box-img\"><img loading=\"lazy\" decoding=\"async\" width=\"400\" height=\"400\" src=\"https:\/\/kefnor.com\/wp-content\/uploads\/2022\/07\/grafdis-400x400-1.jpg\" class=\"attachment-full size-full wp-image-730\" alt=\"\" srcset=\"https:\/\/kefnor.com\/wp-content\/uploads\/2022\/07\/grafdis-400x400-1.jpg 400w, https:\/\/kefnor.com\/wp-content\/uploads\/2022\/07\/grafdis-400x400-1-300x300.jpg 300w, https:\/\/kefnor.com\/wp-content\/uploads\/2022\/07\/grafdis-400x400-1-150x150.jpg 150w\" sizes=\"(max-width: 400px) 100vw, 400px\" \/><\/figure><div class=\"elementor-image-box-content\"><h4 class=\"elementor-image-box-title\">Infographie<\/h4><p class=\"elementor-image-box-description\"><i style=\"color:#440386;font-size:20px\" class=\"fas fa-star\"><\/i> Illustrateur.<br \/><i style=\"color:#440386;font-size:20px\" class=\"fas fa-star\"><\/i> Photoshop.<br \/><i style=\"color:#440386;font-size:20px\" class=\"fas fa-star\"><\/i> Free Hand et In Desing.\n<\/p><\/div><\/div>\t\t\t\t<\/div>\n\t\t\t\t<\/div>\n\t\t\t\t<div class=\"elementor-element elementor-element-0033cc0 elementor-widget__width-initial elementor-widget-mobile__width-inherit elementor-position-top elementor-widget elementor-widget-image-box\" data-id=\"0033cc0\" data-element_type=\"widget\" data-widget_type=\"image-box.default\">\n\t\t\t\t<div class=\"elementor-widget-container\">\n\t\t\t\t\t<div class=\"elementor-image-box-wrapper\"><figure class=\"elementor-image-box-img\"><img loading=\"lazy\" decoding=\"async\" width=\"1201\" height=\"1200\" src=\"https:\/\/kefnor.com\/wp-content\/uploads\/2022\/07\/cropped-172-1727056_bmicrosoft-brings-premium-outlook-managed-microsoft-office-365.jpg\" class=\"attachment-full size-full wp-image-740\" alt=\"\" srcset=\"https:\/\/kefnor.com\/wp-content\/uploads\/2022\/07\/cropped-172-1727056_bmicrosoft-brings-premium-outlook-managed-microsoft-office-365.jpg 1201w, https:\/\/kefnor.com\/wp-content\/uploads\/2022\/07\/cropped-172-1727056_bmicrosoft-brings-premium-outlook-managed-microsoft-office-365-300x300.jpg 300w, https:\/\/kefnor.com\/wp-content\/uploads\/2022\/07\/cropped-172-1727056_bmicrosoft-brings-premium-outlook-managed-microsoft-office-365-1024x1024.jpg 1024w, https:\/\/kefnor.com\/wp-content\/uploads\/2022\/07\/cropped-172-1727056_bmicrosoft-brings-premium-outlook-managed-microsoft-office-365-150x150.jpg 150w, https:\/\/kefnor.com\/wp-content\/uploads\/2022\/07\/cropped-172-1727056_bmicrosoft-brings-premium-outlook-managed-microsoft-office-365-768x767.jpg 768w\" sizes=\"(max-width: 1201px) 100vw, 1201px\" \/><\/figure><div class=\"elementor-image-box-content\"><h4 class=\"elementor-image-box-title\">Bureautique<\/h4><p class=\"elementor-image-box-description\"><i style=\"color:#440386;font-size:20px\" class=\"fas fa-star\"><\/i> Word.<br \/><i style=\"color:#440386;font-size:20px\" class=\"fas fa-star\"><\/i> Excel.<br \/><i style=\"color:#440386;font-size:20px\" class=\"fas fa-star\"><\/i> Power point.<br \/><i style=\"color:#440386;font-size:20px\" class=\"fas fa-star\"><\/i> Notions de base pour Access et Ms Project.<\/p><\/div><\/div>\t\t\t\t<\/div>\n\t\t\t\t<\/div>\n\t\t\t\t<div class=\"elementor-element elementor-element-0f4288d elementor-widget__width-initial elementor-widget-mobile__width-inherit elementor-position-top elementor-widget elementor-widget-image-box\" data-id=\"0f4288d\" data-element_type=\"widget\" data-widget_type=\"image-box.default\">\n\t\t\t\t<div class=\"elementor-widget-container\">\n\t\t\t\t\t<div class=\"elementor-image-box-wrapper\"><figure class=\"elementor-image-box-img\"><img loading=\"lazy\" decoding=\"async\" width=\"955\" height=\"955\" src=\"https:\/\/kefnor.com\/wp-content\/uploads\/2022\/07\/Image-for-Languages-Page-min.jpg\" class=\"attachment-full size-full wp-image-744\" alt=\"\" srcset=\"https:\/\/kefnor.com\/wp-content\/uploads\/2022\/07\/Image-for-Languages-Page-min.jpg 955w, https:\/\/kefnor.com\/wp-content\/uploads\/2022\/07\/Image-for-Languages-Page-min-300x300.jpg 300w, https:\/\/kefnor.com\/wp-content\/uploads\/2022\/07\/Image-for-Languages-Page-min-150x150.jpg 150w, https:\/\/kefnor.com\/wp-content\/uploads\/2022\/07\/Image-for-Languages-Page-min-768x768.jpg 768w\" sizes=\"(max-width: 955px) 100vw, 955px\" \/><\/figure><div class=\"elementor-image-box-content\"><h4 class=\"elementor-image-box-title\">Langues<\/h4><p class=\"elementor-image-box-description\"><i style=\"color:#440386;font-size:20px\" class=\"fas fa-star\"><\/i> Communication.<br \/><i style=\"color:#440386;font-size:20px\" class=\"fas fa-star\"><\/i> Allemand.<br \/><i style=\"color:#440386;font-size:20px\" class=\"fas fa-star\"><\/i> Arabe.<br \/><i style=\"color:#440386;font-size:20px\" class=\"fas fa-star\"><\/i> Espagnol.<br \/><i style=\"color:#440386;font-size:20px\" class=\"fas fa-star\"><\/i> Fran\u00e7ais.<br \/> <i style=\"color:#440386;font-size:20px\" class=\"fas fa-star\"><\/i> Anglais.<\/p><\/div><\/div>\t\t\t\t<\/div>\n\t\t\t\t<\/div>\n\t\t\t\t\t<\/div>\n\t\t<\/div>\n\t\t\t\t\t<\/div>\n\t\t<\/section>\n\t\t\t\t<section class=\"elementor-section elementor-top-section elementor-element elementor-element-2b60fd3 elementor-section-boxed elementor-section-height-default elementor-section-height-default\" data-id=\"2b60fd3\" data-element_type=\"section\">\n\t\t\t\t\t\t<div class=\"elementor-container elementor-column-gap-default\">\n\t\t\t\t\t<div class=\"elementor-column elementor-col-25 elementor-top-column elementor-element elementor-element-093c345\" data-id=\"093c345\" data-element_type=\"column\">\n\t\t\t<div class=\"elementor-widget-wrap elementor-element-populated\">\n\t\t\t\t\t\t<div class=\"elementor-element elementor-element-4cc282d elementor-widget elementor-widget-text-editor\" data-id=\"4cc282d\" data-element_type=\"widget\" data-widget_type=\"text-editor.default\">\n\t\t\t\t<div class=\"elementor-widget-container\">\n\t\t\t\t\t\t\t\t\t<p><strong>BUREAUTIQUE<\/strong> :<br \/>La formation secr\u00e9tariat permet \u00e0 ceux qui la pr\u00e9parent d\u2019apprendre \u00e0 se servir des diff\u00e9rents logiciels de bureautique. Cette formation peut \u00eatre qualifiante ou dipl\u00f4mante.<\/p>\t\t\t\t\t\t\t\t<\/div>\n\t\t\t\t<\/div>\n\t\t\t\t\t<\/div>\n\t\t<\/div>\n\t\t\t\t<div class=\"elementor-column elementor-col-25 elementor-top-column elementor-element elementor-element-311ec2e\" data-id=\"311ec2e\" data-element_type=\"column\">\n\t\t\t<div class=\"elementor-widget-wrap elementor-element-populated\">\n\t\t\t\t\t\t<div class=\"elementor-element elementor-element-e1e4df3 elementor-widget elementor-widget-text-editor\" data-id=\"e1e4df3\" data-element_type=\"widget\" data-widget_type=\"text-editor.default\">\n\t\t\t\t<div class=\"elementor-widget-container\">\n\t\t\t\t\t\t\t\t\t<p><strong>D\u00c9VELOPPEMENT INFORMATIQUE<\/strong> :<br \/>Le Technicien en d\u00e9veloppement informatique poss\u00e8de un niveau des techniques et des outils essentiels \u00e0 la pratique du m\u00e9tier.<\/p>\t\t\t\t\t\t\t\t<\/div>\n\t\t\t\t<\/div>\n\t\t\t\t\t<\/div>\n\t\t<\/div>\n\t\t\t\t<div class=\"elementor-column elementor-col-25 elementor-top-column elementor-element elementor-element-c3e3bc2\" data-id=\"c3e3bc2\" data-element_type=\"column\">\n\t\t\t<div class=\"elementor-widget-wrap elementor-element-populated\">\n\t\t\t\t\t\t<div class=\"elementor-element elementor-element-789ae6b elementor-widget elementor-widget-text-editor\" data-id=\"789ae6b\" data-element_type=\"widget\" data-widget_type=\"text-editor.default\">\n\t\t\t\t<div class=\"elementor-widget-container\">\n\t\t\t\t\t\t\t\t\t<p><strong>Dessinateur industriel :<\/strong><br \/>Le (la) dessinateur(trice) industriel(le) est charg\u00e9(e) de repr\u00e9senter, sous toutes les coutures et au millim\u00e8tre pr\u00e8s, un objet \u00e0 fabriquer, auparavant sorti tout droit du cr\u00e2ne des ing\u00e9nieurs de bureaux d\u2019\u00e9tudes.<\/p>\t\t\t\t\t\t\t\t<\/div>\n\t\t\t\t<\/div>\n\t\t\t\t\t<\/div>\n\t\t<\/div>\n\t\t\t\t<div class=\"elementor-column elementor-col-25 elementor-top-column elementor-element elementor-element-e833caa\" data-id=\"e833caa\" data-element_type=\"column\">\n\t\t\t<div class=\"elementor-widget-wrap elementor-element-populated\">\n\t\t\t\t\t\t<div class=\"elementor-element elementor-element-21c7db6 elementor-widget elementor-widget-text-editor\" data-id=\"21c7db6\" data-element_type=\"widget\" data-widget_type=\"text-editor.default\">\n\t\t\t\t<div class=\"elementor-widget-container\">\n\t\t\t\t\t\t\t\t\t<p><strong>Certificat en Infographie :<\/strong><br \/>Ce certificat s\u2019adresse aux jeunes \u00e9tudiants, aux professionnels mais aussi \u00e0 tous ceux qui sont passionn\u00e9s par le m\u00e9tier d\u2019infographiste.<\/p>\t\t\t\t\t\t\t\t<\/div>\n\t\t\t\t<\/div>\n\t\t\t\t\t<\/div>\n\t\t<\/div>\n\t\t\t\t\t<\/div>\n\t\t<\/section>\n\t\t\t\t<section class=\"elementor-section elementor-top-section elementor-element elementor-element-1759f3f elementor-section-boxed elementor-section-height-default elementor-section-height-default\" data-id=\"1759f3f\" data-element_type=\"section\" data-settings=\"{&quot;background_background&quot;:&quot;classic&quot;}\">\n\t\t\t\t\t\t<div class=\"elementor-container elementor-column-gap-default\">\n\t\t\t\t\t<div class=\"elementor-column elementor-col-100 elementor-top-column elementor-element elementor-element-996896b\" data-id=\"996896b\" data-element_type=\"column\">\n\t\t\t<div class=\"elementor-widget-wrap elementor-element-populated\">\n\t\t\t\t\t\t<section class=\"elementor-section elementor-inner-section elementor-element elementor-element-cfe5f94 elementor-section-boxed elementor-section-height-default elementor-section-height-default\" data-id=\"cfe5f94\" data-element_type=\"section\">\n\t\t\t\t\t\t<div class=\"elementor-container elementor-column-gap-default\">\n\t\t\t\t\t<div class=\"elementor-column elementor-col-50 elementor-inner-column elementor-element elementor-element-f49e1f0\" data-id=\"f49e1f0\" data-element_type=\"column\">\n\t\t\t<div class=\"elementor-widget-wrap elementor-element-populated\">\n\t\t\t\t\t\t<div class=\"elementor-element elementor-element-e76afe4 elementor-widget__width-initial elementor-widget-mobile__width-inherit elementor-widget elementor-widget-heading\" data-id=\"e76afe4\" data-element_type=\"widget\" data-widget_type=\"heading.default\">\n\t\t\t\t<div class=\"elementor-widget-container\">\n\t\t\t\t\t<h3 class=\"elementor-heading-title elementor-size-default\">Contactez Nous pour inscrire<\/h3>\t\t\t\t<\/div>\n\t\t\t\t<\/div>\n\t\t\t\t\t<\/div>\n\t\t<\/div>\n\t\t\t\t<div class=\"elementor-column elementor-col-50 elementor-inner-column elementor-element elementor-element-3adcaa0\" data-id=\"3adcaa0\" data-element_type=\"column\">\n\t\t\t<div class=\"elementor-widget-wrap elementor-element-populated\">\n\t\t\t\t\t\t<div class=\"elementor-element elementor-element-1ff6167 elementor-align-center elementor-widget elementor-widget-button\" data-id=\"1ff6167\" data-element_type=\"widget\" data-widget_type=\"button.default\">\n\t\t\t\t<div class=\"elementor-widget-container\">\n\t\t\t\t\t\t\t\t\t<div class=\"elementor-button-wrapper\">\n\t\t\t\t\t<a class=\"elementor-button elementor-button-link elementor-size-sm\" href=\"\/contactez-nous\/\">\n\t\t\t\t\t\t<span class=\"elementor-button-content-wrapper\">\n\t\t\t\t\t\t\t\t\t<span class=\"elementor-button-text\">Contactez nous<\/span>\n\t\t\t\t\t<\/span>\n\t\t\t\t\t<\/a>\n\t\t\t\t<\/div>\n\t\t\t\t\t\t\t\t<\/div>\n\t\t\t\t<\/div>\n\t\t\t\t\t<\/div>\n\t\t<\/div>\n\t\t\t\t\t<\/div>\n\t\t<\/section>\n\t\t\t\t\t<\/div>\n\t\t<\/div>\n\t\t\t\t\t<\/div>\n\t\t<\/section>\n\t\t\t\t<\/div>\n\t\t","protected":false},"excerpt":{"rendered":"<p>Formations D\u00e9couvrez nos diff\u00e9rentes formations Professionnels Quelque soit votre \u00e2ge Quelque soit votre Niveau Quelque soit votre Profession Formation Continue Gestion Informatis\u00e9e. Comptabilit\u00e9. Secr\u00e9tariat. Commerce. Dessin Industriel D. A. O : Auto-cad (2D + 3D). D. A. O : Solidworks + Catia. D\u00e9veloppement Web HTML. PHP. ASP. Infographie Illustrateur. Photoshop. Free Hand et In Desing. [&hellip;]<\/p>\n","protected":false},"author":1,"featured_media":0,"parent":0,"menu_order":0,"comment_status":"closed","ping_status":"closed","template":"","meta":{"site-sidebar-layout":"no-sidebar","site-content-layout":"page-builder","ast-site-content-layout":"","site-content-style":"default","site-sidebar-style":"default","ast-global-header-display":"","ast-banner-title-visibility":"","ast-main-header-display":"","ast-hfb-above-header-display":"","ast-hfb-below-header-display":"","ast-hfb-mobile-header-display":"","site-post-title":"disabled","ast-breadcrumbs-content":"","ast-featured-img":"disabled","footer-sml-layout":"","theme-transparent-header-meta":"","adv-header-id-meta":"","stick-header-meta":"","header-above-stick-meta":"","header-main-stick-meta":"","header-below-stick-meta":"","astra-migrate-meta-layouts":"default","ast-page-background-enabled":"default","ast-page-background-meta":{"desktop":{"background-color":"","background-image":"","background-repeat":"repeat","background-position":"center center","background-size":"auto","background-attachment":"scroll","background-type":"","background-media":"","overlay-type":"","overlay-color":"","overlay-opacity":"","overlay-gradient":""},"tablet":{"background-color":"","background-image":"","background-repeat":"repeat","background-position":"center center","background-size":"auto","background-attachment":"scroll","background-type":"","background-media":"","overlay-type":"","overlay-color":"","overlay-opacity":"","overlay-gradient":""},"mobile":{"background-color":"","background-image":"","background-repeat":"repeat","background-position":"center center","background-size":"auto","background-attachment":"scroll","background-type":"","background-media":"","overlay-type":"","overlay-color":"","overlay-opacity":"","overlay-gradient":""}},"ast-content-background-meta":{"desktop":{"background-color":"var(--ast-global-color-5)","background-image":"","background-repeat":"repeat","background-position":"center center","background-size":"auto","background-attachment":"scroll","background-type":"","background-media":"","overlay-type":"","overlay-color":"","overlay-opacity":"","overlay-gradient":""},"tablet":{"background-color":"var(--ast-global-color-5)","background-image":"","background-repeat":"repeat","background-position":"center center","background-size":"auto","background-attachment":"scroll","background-type":"","background-media":"","overlay-type":"","overlay-color":"","overlay-opacity":"","overlay-gradient":""},"mobile":{"background-color":"var(--ast-global-color-5)","background-image":"","background-repeat":"repeat","background-position":"center center","background-size":"auto","background-attachment":"scroll","background-type":"","background-media":"","overlay-type":"","overlay-color":"","overlay-opacity":"","overlay-gradient":""}},"footnotes":""},"class_list":["post-787","page","type-page","status-publish","hentry"],"_links":{"self":[{"href":"https:\/\/kefnor.com\/fr\/wp-json\/wp\/v2\/pages\/787","targetHints":{"allow":["GET"]}}],"collection":[{"href":"https:\/\/kefnor.com\/fr\/wp-json\/wp\/v2\/pages"}],"about":[{"href":"https:\/\/kefnor.com\/fr\/wp-json\/wp\/v2\/types\/page"}],"author":[{"embeddable":true,"href":"https:\/\/kefnor.com\/fr\/wp-json\/wp\/v2\/users\/1"}],"replies":[{"embeddable":true,"href":"https:\/\/kefnor.com\/fr\/wp-json\/wp\/v2\/comments?post=787"}],"version-history":[{"count":145,"href":"https:\/\/kefnor.com\/fr\/wp-json\/wp\/v2\/pages\/787\/revisions"}],"predecessor-version":[{"id":1274,"href":"https:\/\/kefnor.com\/fr\/wp-json\/wp\/v2\/pages\/787\/revisions\/1274"}],"wp:attachment":[{"href":"https:\/\/kefnor.com\/fr\/wp-json\/wp\/v2\/media?parent=787"}],"curies":[{"name":"wp","href":"https:\/\/api.w.org\/{rel}","templated":true}]}}